{"id":1671,"date":"2026-03-30T07:59:57","date_gmt":"2026-03-30T07:59:57","guid":{"rendered":"https:\/\/vigilant-ptolemy.89-188-72-178.plesk.page\/?page_id=1671"},"modified":"2026-04-30T08:30:55","modified_gmt":"2026-04-30T08:30:55","slug":"dragsbaek-randers","status":"publish","type":"page","link":"https:\/\/vigilant-ptolemy.89-188-72-178.plesk.page\/en\/dragsbaek-randers\/","title":{"rendered":"Dragsb\u00e6k Randers"},"content":{"rendered":"\t\t<div data-elementor-type=\"wp-page\" data-elementor-id=\"1671\" class=\"elementor elementor-1671 elementor-209\" data-elementor-post-type=\"page\">\n\t\t\t\t<header class=\"elementor-element elementor-element-b88fc9c e-con-full bg-fade-green e-flex e-con e-parent\" data-id=\"b88fc9c\" data-element_type=\"container\" data-e-type=\"container\" data-settings=\"{&quot;background_background&quot;:&quot;classic&quot;}\">\n\t\t\t\t<div class=\"elementor-element elementor-element-611312d elementor-widget elementor-widget-heading\" data-id=\"611312d\" data-element_type=\"widget\" data-e-type=\"widget\" data-widget_type=\"heading.default\">\n\t\t\t\t\t<h1 class=\"elementor-heading-title elementor-size-default\">Dragsb\u00e6k Randers<\/h1>\t\t\t\t<\/div>\n\t\t\t\t<div class=\"elementor-element elementor-element-3f61175 elementor-widget__width-initial elementor-widget elementor-widget-text-editor\" data-id=\"3f61175\" data-element_type=\"widget\" data-e-type=\"widget\" data-widget_type=\"text-editor.default\">\n\t\t\t\t\t\t\t\t\t<p><span class=\"TextRun SCXW27368157 BCX8\" lang=\"EN-US\" xml:lang=\"EN-US\" data-contrast=\"auto\"><span class=\"NormalTextRun SCXW27368157 BCX8\">If flexibility had an address, this would be it. We produce everything from spreadable and margarine blocks to functional fats and vegetable oils for retail, foodservice, and industry.<\/span><\/span><span class=\"EOP SCXW27368157 BCX8\" data-ccp-props=\"{}\">\u00a0<\/span><\/p>\t\t\t\t\t\t\t\t<\/div>\n\t\t\t\t<\/header>\n\t\t<main class=\"elementor-element elementor-element-693ae66 e-con-full e-flex e-con e-parent\" data-id=\"693ae66\" data-element_type=\"container\" data-e-type=\"container\" data-settings=\"{&quot;background_background&quot;:&quot;classic&quot;}\">\n\t\t<article class=\"elementor-element elementor-element-7e9f7e1 e-con-full e-flex e-con e-child\" data-id=\"7e9f7e1\" data-element_type=\"container\" data-e-type=\"container\">\n\t\t\t\t<div class=\"elementor-element elementor-element-4b619f3 elementor-widget elementor-widget-heading\" data-id=\"4b619f3\" data-element_type=\"widget\" data-e-type=\"widget\" data-widget_type=\"heading.default\">\n\t\t\t\t\t<h2 class=\"elementor-heading-title elementor-size-default\">About Dragsb\u00e6k Randers<\/h2>\t\t\t\t<\/div>\n\t\t\t\t<div class=\"elementor-element elementor-element-f1627e5 elementor-widget elementor-widget-text-editor\" data-id=\"f1627e5\" data-element_type=\"widget\" data-e-type=\"widget\" data-widget_type=\"text-editor.default\">\n\t\t\t\t\t\t\t\t\t<p><span class=\"TextRun SCXW76662234 BCX8\" lang=\"EN-US\" xml:lang=\"EN-US\" data-contrast=\"auto\"><span class=\"NormalTextRun SCXW76662234 BCX8\">Dragsb\u00e6k Randers is all about flexibility. Known for rapid adaptation to meet market demands, Dragsb\u00e6k Randers produces everything from spreadable margarine and margarine blocks to frying oil, vegetable oil, and specialty fats. With certifications like BRCGS and RSPO, we combine tradition with innovation to deliver quality that works for retail, foodservice, and industry.<\/span><\/span><span class=\"EOP SCXW76662234 BCX8\" data-ccp-props=\"{}\">\u00a0<\/span><\/p>\t\t\t\t\t\t\t\t<\/div>\n\t\t\t\t<div class=\"elementor-element elementor-element-cbde57c elementor-mobile-align-center elementor-widget elementor-widget-button\" data-id=\"cbde57c\" data-element_type=\"widget\" data-e-type=\"widget\" data-widget_type=\"button.default\">\n\t\t\t\t\t\t\t\t\t\t<a class=\"elementor-button elementor-button-link elementor-size-sm\" href=\"https:\/\/vigilant-ptolemy.89-188-72-178.plesk.page\/en\/functional-fats\/\">\n\t\t\t\t\t\t<span class=\"elementor-button-content-wrapper\">\n\t\t\t\t\t\t\t\t\t<span class=\"elementor-button-text\">Functional fats<\/span>\n\t\t\t\t\t<\/span>\n\t\t\t\t\t<\/a>\n\t\t\t\t\t\t\t\t<\/div>\n\t\t\t\t<\/article>\n\t\t<div class=\"elementor-element elementor-element-4043525 e-con-full e-flex e-con e-child\" data-id=\"4043525\" data-element_type=\"container\" data-e-type=\"container\" data-settings=\"{&quot;background_background&quot;:&quot;classic&quot;}\">\n\t\t\t\t<\/div>\n\t\t\t\t<\/main>\n\t\t<section class=\"elementor-element elementor-element-9fc94b5 e-con-full e-flex e-con e-parent\" data-id=\"9fc94b5\" data-element_type=\"container\" data-e-type=\"container\" data-settings=\"{&quot;background_background&quot;:&quot;classic&quot;}\">\n\t\t<div class=\"elementor-element elementor-element-6062266 e-con-full e-flex e-con e-child\" data-id=\"6062266\" data-element_type=\"container\" data-e-type=\"container\" data-settings=\"{&quot;background_background&quot;:&quot;classic&quot;}\">\n\t\t\t\t<\/div>\n\t\t<article class=\"elementor-element elementor-element-50e0c9c e-con-full e-flex e-con e-child\" data-id=\"50e0c9c\" data-element_type=\"container\" data-e-type=\"container\">\n\t\t\t\t<div class=\"elementor-element elementor-element-3774f90 elementor-widget elementor-widget-heading\" data-id=\"3774f90\" data-element_type=\"widget\" data-e-type=\"widget\" data-widget_type=\"heading.default\">\n\t\t\t\t\t<h2 class=\"elementor-heading-title elementor-size-default\">The story of Blume<\/h2>\t\t\t\t<\/div>\n\t\t\t\t<div class=\"elementor-element elementor-element-b9f40fb elementor-widget elementor-widget-text-editor\" data-id=\"b9f40fb\" data-element_type=\"widget\" data-e-type=\"widget\" data-widget_type=\"text-editor.default\">\n\t\t\t\t\t\t\t\t\t<p><span class=\"TextRun SCXW163814458 BCX8\" lang=\"EN-US\" xml:lang=\"EN-US\" data-contrast=\"auto\"><span class=\"NormalTextRun SCXW163814458 BCX8\">Blume was founded back in 1923, just as Dragsb\u00e6k. Over the decades, the site evolved from hand-packed blocks to advanced industrial production under the Blume name. In 1982, Dragsb\u00e6k\u00a0<\/span><span class=\"NormalTextRun SCXW163814458 BCX8\">acquired<\/span><span class=\"NormalTextRun SCXW163814458 BCX8\">\u00a0Blume, marking a new era of innovation with liquid margarine and bag-in-box solutions. Today, the legacy lives on in \u00d8ster Bjerregrav as Dragsb\u00e6k Randers, where tradition meets modern food technology, making food fast.<\/span><\/span><span class=\"EOP SCXW163814458 BCX8\" data-ccp-props=\"{}\">\u00a0<\/span><\/p>\t\t\t\t\t\t\t\t<\/div>\n\t\t\t\t<\/article>\n\t\t\t\t<\/section>\n\t\t<article class=\"elementor-element elementor-element-58d70cb e-con-full e-flex e-con e-parent\" data-id=\"58d70cb\" data-element_type=\"container\" data-e-type=\"container\" data-settings=\"{&quot;background_background&quot;:&quot;classic&quot;}\">\n\t\t<article class=\"elementor-element elementor-element-d08124b e-con-full e-flex e-con e-child\" data-id=\"d08124b\" data-element_type=\"container\" data-e-type=\"container\">\n\t\t\t\t<div class=\"elementor-element elementor-element-e9ef02d elementor-widget elementor-widget-heading\" data-id=\"e9ef02d\" data-element_type=\"widget\" data-e-type=\"widget\" data-widget_type=\"heading.default\">\n\t\t\t\t\t<h2 class=\"elementor-heading-title elementor-size-default\">What we do<\/h2>\t\t\t\t<\/div>\n\t\t<div class=\"elementor-element elementor-element-65bad18 e-grid e-con-full e-con e-child\" data-id=\"65bad18\" data-element_type=\"container\" data-e-type=\"container\">\n\t\t<div class=\"elementor-element elementor-element-3a6a9f7 e-con-full e-flex e-con e-child\" data-id=\"3a6a9f7\" data-element_type=\"container\" data-e-type=\"container\">\n\t\t\t\t<div class=\"elementor-element elementor-element-80cf7c4 elementor-widget elementor-widget-heading\" data-id=\"80cf7c4\" data-element_type=\"widget\" data-e-type=\"widget\" data-widget_type=\"heading.default\">\n\t\t\t\t\t<h3 class=\"elementor-heading-title elementor-size-default\">Products<\/h3>\t\t\t\t<\/div>\n\t\t\t\t<div class=\"elementor-element elementor-element-f84a7aa elementor-widget elementor-widget-text-editor\" data-id=\"f84a7aa\" data-element_type=\"widget\" data-e-type=\"widget\" data-widget_type=\"text-editor.default\">\n\t\t\t\t\t\t\t\t\t<p>Margarine blocks, liquid fats and oils, vegetable oils, specialty fats<\/p>\t\t\t\t\t\t\t\t<\/div>\n\t\t\t\t<\/div>\n\t\t<div class=\"elementor-element elementor-element-aece53a e-con-full e-flex e-con e-child\" data-id=\"aece53a\" data-element_type=\"container\" data-e-type=\"container\">\n\t\t\t\t<div class=\"elementor-element elementor-element-9e607bf elementor-widget elementor-widget-heading\" data-id=\"9e607bf\" data-element_type=\"widget\" data-e-type=\"widget\" data-widget_type=\"heading.default\">\n\t\t\t\t\t<h3 class=\"elementor-heading-title elementor-size-default\">Formats<\/h3>\t\t\t\t<\/div>\n\t\t\t\t<div class=\"elementor-element elementor-element-dfb16ea elementor-widget elementor-widget-text-editor\" data-id=\"dfb16ea\" data-element_type=\"widget\" data-e-type=\"widget\" data-widget_type=\"text-editor.default\">\n\t\t\t\t\t\t\t\t\t<p>200g, 500g, 600g retail packaging, 2.5 to 10 liter cans and buckets<\/p>\t\t\t\t\t\t\t\t<\/div>\n\t\t\t\t<\/div>\n\t\t<div class=\"elementor-element elementor-element-84b4b67 e-con-full e-flex e-con e-child\" data-id=\"84b4b67\" data-element_type=\"container\" data-e-type=\"container\">\n\t\t\t\t<div class=\"elementor-element elementor-element-69ad526 elementor-widget elementor-widget-heading\" data-id=\"69ad526\" data-element_type=\"widget\" data-e-type=\"widget\" data-widget_type=\"heading.default\">\n\t\t\t\t\t<h3 class=\"elementor-heading-title elementor-size-default\">Why choose us?<\/h3>\t\t\t\t<\/div>\n\t\t\t\t<div class=\"elementor-element elementor-element-f13dac0 elementor-widget elementor-widget-text-editor\" data-id=\"f13dac0\" data-element_type=\"widget\" data-e-type=\"widget\" data-widget_type=\"text-editor.default\">\n\t\t\t\t\t\t\t\t\t<p>Fast and scaled production<\/p>\t\t\t\t\t\t\t\t<\/div>\n\t\t\t\t<\/div>\n\t\t<div class=\"elementor-element elementor-element-4f5bb62 e-con-full e-flex e-con e-child\" data-id=\"4f5bb62\" data-element_type=\"container\" data-e-type=\"container\">\n\t\t\t\t<div class=\"elementor-element elementor-element-b98b4dc elementor-widget elementor-widget-heading\" data-id=\"b98b4dc\" data-element_type=\"widget\" data-e-type=\"widget\" data-widget_type=\"heading.default\">\n\t\t\t\t\t<h3 class=\"elementor-heading-title elementor-size-default\">Certifications<\/h3>\t\t\t\t<\/div>\n\t\t\t\t<div class=\"elementor-element elementor-element-1102818 elementor-widget elementor-widget-text-editor\" data-id=\"1102818\" data-element_type=\"widget\" data-e-type=\"widget\" data-widget_type=\"text-editor.default\">\n\t\t\t\t\t\t\t\t\t<p>BRCGS, RSPO, Organic, SEDEX<\/p>\t\t\t\t\t\t\t\t<\/div>\n\t\t\t\t<\/div>\n\t\t\t\t<\/div>\n\t\t\t\t<\/article>\n\t\t\t\t<\/article>\n\t\t<section class=\"elementor-element elementor-element-0124a7d e-con-full e-flex e-con e-parent\" data-id=\"0124a7d\" data-element_type=\"container\" data-e-type=\"container\">\n\t\t<article class=\"elementor-element elementor-element-476300c e-con-full e-flex e-con e-child\" data-id=\"476300c\" data-element_type=\"container\" data-e-type=\"container\">\n\t\t\t\t<div class=\"elementor-element elementor-element-6daaea9 elementor-widget elementor-widget-heading\" data-id=\"6daaea9\" data-element_type=\"widget\" data-e-type=\"widget\" data-widget_type=\"heading.default\">\n\t\t\t\t\t<h2 class=\"elementor-heading-title elementor-size-default\">Part of Dragsb\u00e6k<\/h2>\t\t\t\t<\/div>\n\t\t\t\t<div class=\"elementor-element elementor-element-350cea1 elementor-widget elementor-widget-text-editor\" data-id=\"350cea1\" data-element_type=\"widget\" data-e-type=\"widget\" data-widget_type=\"text-editor.default\">\n\t\t\t\t\t\t\t\t\t<p><span class=\"TextRun SCXW121981843 BCX8\" lang=\"EN-US\" xml:lang=\"EN-US\" data-contrast=\"auto\"><span class=\"NormalTextRun SCXW121981843 BCX8\">Dragsb\u00e6k Randers is one of six production units in the Dragsb\u00e6k family. Together we make everything within functional fats, <\/span><span class=\"NormalTextRun SCXW121981843 BCX8\">beverages<\/span><span class=\"NormalTextRun SCXW121981843 BCX8\">\u00a0and nutrition, as well as ice cream and desserts. Want to learn more?<\/span><\/span><span class=\"EOP SCXW121981843 BCX8\" data-ccp-props=\"{}\">\u00a0<\/span><\/p>\t\t\t\t\t\t\t\t<\/div>\n\t\t\t\t<div class=\"elementor-element elementor-element-5d941fe elementor-mobile-align-center elementor-widget elementor-widget-button\" data-id=\"5d941fe\" data-element_type=\"widget\" data-e-type=\"widget\" data-widget_type=\"button.default\">\n\t\t\t\t\t\t\t\t\t\t<a class=\"elementor-button elementor-button-link elementor-size-sm\" href=\"https:\/\/vigilant-ptolemy.89-188-72-178.plesk.page\/en\/our-sites\/\">\n\t\t\t\t\t\t<span class=\"elementor-button-content-wrapper\">\n\t\t\t\t\t\t\t\t\t<span class=\"elementor-button-text\">Our sites<\/span>\n\t\t\t\t\t<\/span>\n\t\t\t\t\t<\/a>\n\t\t\t\t\t\t\t\t<\/div>\n\t\t\t\t<\/article>\n\t\t<div class=\"elementor-element elementor-element-c0e9cd5 e-con-full e-flex e-con e-child\" data-id=\"c0e9cd5\" data-element_type=\"container\" data-e-type=\"container\" data-settings=\"{&quot;background_background&quot;:&quot;classic&quot;}\">\n\t\t\t\t<\/div>\n\t\t\t\t<\/section>\n\t\t<section class=\"elementor-element elementor-element-d3442b5 e-con-full e-flex e-con e-parent\" data-id=\"d3442b5\" data-element_type=\"container\" data-e-type=\"container\" data-settings=\"{&quot;background_background&quot;:&quot;classic&quot;}\">\n\t\t<div class=\"elementor-element elementor-element-1de9bce e-con-full e-flex e-con e-child\" data-id=\"1de9bce\" data-element_type=\"container\" data-e-type=\"container\" data-settings=\"{&quot;background_background&quot;:&quot;classic&quot;}\">\n\t\t\t\t<\/div>\n\t\t<article class=\"elementor-element elementor-element-b307a1c e-con-full e-flex e-con e-child\" data-id=\"b307a1c\" data-element_type=\"container\" data-e-type=\"container\">\n\t\t\t\t<div class=\"elementor-element elementor-element-314aa55 elementor-widget elementor-widget-heading\" data-id=\"314aa55\" data-element_type=\"widget\" data-e-type=\"widget\" data-widget_type=\"heading.default\">\n\t\t\t\t\t<h2 class=\"elementor-heading-title elementor-size-default\">Responsibility &amp; ESG<\/h2>\t\t\t\t<\/div>\n\t\t\t\t<div class=\"elementor-element elementor-element-c7a7abb elementor-widget elementor-widget-text-editor\" data-id=\"c7a7abb\" data-element_type=\"widget\" data-e-type=\"widget\" data-widget_type=\"text-editor.default\">\n\t\t\t\t\t\t\t\t\t<p><span class=\"TextRun SCXW200631999 BCX8\" lang=\"EN-US\" xml:lang=\"EN-US\" data-contrast=\"auto\"><span class=\"NormalTextRun SCXW200631999 BCX8\">Responsibility matters. At Dragsb\u00e6k Randers, we reduce emissions, source responsibly, and ensure safe working conditions \u2013 all in line with Dragsb\u00e6k\u2019s ESG standards. Want the full story? Explore how we handle Environment, Social, and Governance, and download our ESG reports.<\/span><\/span><span class=\"EOP SCXW200631999 BCX8\" data-ccp-props=\"{}\">\u00a0<\/span><\/p>\t\t\t\t\t\t\t\t<\/div>\n\t\t\t\t<div class=\"elementor-element elementor-element-976ba7f elementor-mobile-align-center elementor-widget elementor-widget-button\" data-id=\"976ba7f\" data-element_type=\"widget\" data-e-type=\"widget\" data-widget_type=\"button.default\">\n\t\t\t\t\t\t\t\t\t\t<a class=\"elementor-button elementor-button-link elementor-size-sm\" href=\"https:\/\/vigilant-ptolemy.89-188-72-178.plesk.page\/en\/responsibility\/\">\n\t\t\t\t\t\t<span class=\"elementor-button-content-wrapper\">\n\t\t\t\t\t\t\t\t\t<span class=\"elementor-button-text\">Responsibility<\/span>\n\t\t\t\t\t<\/span>\n\t\t\t\t\t<\/a>\n\t\t\t\t\t\t\t\t<\/div>\n\t\t\t\t<\/article>\n\t\t\t\t<\/section>\n\t\t<section class=\"elementor-element elementor-element-c48b676 e-con-full e-flex e-con e-parent\" data-id=\"c48b676\" data-element_type=\"container\" data-e-type=\"container\" data-settings=\"{&quot;background_background&quot;:&quot;classic&quot;}\">\n\t\t<article class=\"elementor-element elementor-element-172f204 e-con-full e-flex e-con e-child\" data-id=\"172f204\" data-element_type=\"container\" data-e-type=\"container\">\n\t\t\t\t<div class=\"elementor-element elementor-element-de46290 elementor-widget elementor-widget-heading\" data-id=\"de46290\" data-element_type=\"widget\" data-e-type=\"widget\" data-widget_type=\"heading.default\">\n\t\t\t\t\t<h2 class=\"elementor-heading-title elementor-size-default\">Quality &amp; Food Safety<\/h2>\t\t\t\t<\/div>\n\t\t\t\t<div class=\"elementor-element elementor-element-54547ce elementor-widget elementor-widget-text-editor\" data-id=\"54547ce\" data-element_type=\"widget\" data-e-type=\"widget\" data-widget_type=\"text-editor.default\">\n\t\t\t\t\t\t\t\t\t<p><span class=\"TextRun SCXW57180696 BCX8\" lang=\"EN-US\" xml:lang=\"EN-US\" data-contrast=\"auto\"><span class=\"NormalTextRun SCXW57180696 BCX8\">Food safety is non-negotiable. At Dragsb\u00e6k Randers, we follow international standards to ensure every product meets global requirements. From raw materials to finished goods, compliance drives our processes \u2013 because responsibility matters.<\/span><\/span><span class=\"EOP SCXW57180696 BCX8\" data-ccp-props=\"{}\">\u00a0<\/span><\/p>\t\t\t\t\t\t\t\t<\/div>\n\t\t\t\t<\/article>\n\t\t<div class=\"elementor-element elementor-element-52ed465 e-con-full elementor-hidden-mobile e-flex e-con e-child\" data-id=\"52ed465\" data-element_type=\"container\" data-e-type=\"container\" data-settings=\"{&quot;background_background&quot;:&quot;classic&quot;}\">\n\t\t\t\t<\/div>\n\t\t\t\t<\/section>\n\t\t<article class=\"elementor-element elementor-element-9dc92ac e-con-full e-flex e-con e-parent\" data-id=\"9dc92ac\" data-element_type=\"container\" data-e-type=\"container\" data-settings=\"{&quot;background_background&quot;:&quot;classic&quot;}\">\n\t\t<article class=\"elementor-element elementor-element-855b880 e-con-full e-flex e-con e-child\" data-id=\"855b880\" data-element_type=\"container\" data-e-type=\"container\">\n\t\t<div class=\"elementor-element elementor-element-b42efc8 e-grid e-con-full e-con e-child\" data-id=\"b42efc8\" data-element_type=\"container\" data-e-type=\"container\">\n\t\t<div class=\"elementor-element elementor-element-b26bd72 e-con-full e-flex e-con e-child\" data-id=\"b26bd72\" data-element_type=\"container\" data-e-type=\"container\">\n\t\t\t\t<div class=\"elementor-element elementor-element-c08cff7 elementor-widget elementor-widget-heading\" data-id=\"c08cff7\" data-element_type=\"widget\" data-e-type=\"widget\" data-widget_type=\"heading.default\">\n\t\t\t\t\t<h3 class=\"elementor-heading-title elementor-size-default\">Legal entity<\/h3>\t\t\t\t<\/div>\n\t\t\t\t<div class=\"elementor-element elementor-element-8f2ab2f elementor-widget elementor-widget-text-editor\" data-id=\"8f2ab2f\" data-element_type=\"widget\" data-e-type=\"widget\" data-widget_type=\"text-editor.default\">\n\t\t\t\t\t\t\t\t\t<p>Blume Food I\/S<\/p>\t\t\t\t\t\t\t\t<\/div>\n\t\t\t\t<\/div>\n\t\t<div class=\"elementor-element elementor-element-0665339 e-con-full e-flex e-con e-child\" data-id=\"0665339\" data-element_type=\"container\" data-e-type=\"container\">\n\t\t\t\t<div class=\"elementor-element elementor-element-34055a6 elementor-widget elementor-widget-heading\" data-id=\"34055a6\" data-element_type=\"widget\" data-e-type=\"widget\" data-widget_type=\"heading.default\">\n\t\t\t\t\t<h3 class=\"elementor-heading-title elementor-size-default\">VAT no.<\/h3>\t\t\t\t<\/div>\n\t\t\t\t<div class=\"elementor-element elementor-element-8a0c463 elementor-widget elementor-widget-text-editor\" data-id=\"8a0c463\" data-element_type=\"widget\" data-e-type=\"widget\" data-widget_type=\"text-editor.default\">\n\t\t\t\t\t\t\t\t\t<p>DK55964114<\/p>\t\t\t\t\t\t\t\t<\/div>\n\t\t\t\t<\/div>\n\t\t<div class=\"elementor-element elementor-element-dad396c e-con-full e-flex e-con e-child\" data-id=\"dad396c\" data-element_type=\"container\" data-e-type=\"container\">\n\t\t\t\t<div class=\"elementor-element elementor-element-028b2ba elementor-widget elementor-widget-heading\" data-id=\"028b2ba\" data-element_type=\"widget\" data-e-type=\"widget\" data-widget_type=\"heading.default\">\n\t\t\t\t\t<h3 class=\"elementor-heading-title elementor-size-default\">Address<\/h3>\t\t\t\t<\/div>\n\t\t\t\t<div class=\"elementor-element elementor-element-60d7b47 elementor-widget elementor-widget-text-editor\" data-id=\"60d7b47\" data-element_type=\"widget\" data-e-type=\"widget\" data-widget_type=\"text-editor.default\">\n\t\t\t\t\t\t\t\t\t<p>Blume Food I\/S<br \/>Smedev\u00e6nget 4-6<br \/>DK-8920 Randers NV<\/p>\t\t\t\t\t\t\t\t<\/div>\n\t\t\t\t<\/div>\n\t\t<div class=\"elementor-element elementor-element-3053bbd e-con-full e-flex e-con e-child\" data-id=\"3053bbd\" data-element_type=\"container\" data-e-type=\"container\">\n\t\t\t\t<div class=\"elementor-element elementor-element-ad4852c elementor-widget elementor-widget-heading\" data-id=\"ad4852c\" data-element_type=\"widget\" data-e-type=\"widget\" data-widget_type=\"heading.default\">\n\t\t\t\t\t<h3 class=\"elementor-heading-title elementor-size-default\">Certifications<\/h3>\t\t\t\t<\/div>\n\t\t<div class=\"elementor-element elementor-element-db0f194 e-con-full e-flex e-con e-child\" data-id=\"db0f194\" data-element_type=\"container\" data-e-type=\"container\">\n\t\t\t\t<div class=\"elementor-element elementor-element-98160a3 elementor-widget elementor-widget-text-editor\" data-id=\"98160a3\" data-element_type=\"widget\" data-e-type=\"widget\" data-widget_type=\"text-editor.default\">\n\t\t\t\t\t\t\t\t\t<ul><li><a href=\"\/wp-content\/uploads\/2026\/04\/BRCGS_Blume-Food-IS.pdf\" target=\"_blank\" rel=\"noopener\"><span style=\"text-decoration: underline;\">BRCGS: Blume Food I\/S 2025<\/span><\/a><\/li><li><a href=\"\/wp-content\/uploads\/2026\/04\/RSPO-Dragsbaek-Blume-2024.pdf\" target=\"_blank\" rel=\"noopener\"><span style=\"text-decoration: underline;\">RSPO: Blume Food I\/S 2024<\/span><\/a><\/li><li><a href=\"\/wp-content\/uploads\/2026\/04\/UK-OeKO-Blume-Eng.-31.12.2026-1.pdf\" target=\"_blank\" rel=\"noopener\"><span style=\"text-decoration: underline;\">Organic Certificate: Blume Food I\/S 2025<\/span><\/a><\/li><li><a href=\"\/wp-content\/uploads\/2026\/04\/Organic-KT-Food.pdf\" target=\"_blank\" rel=\"noopener\"><span style=\"text-decoration: underline;\">Organic Certificate: KT Food ApS 2025<\/span><\/a><\/li><li><a href=\"https:\/\/www.findsmiley.dk\/28701\" target=\"_blank\" rel=\"noopener\"><span style=\"text-decoration: underline;\">F\u00d8DEVARESTYRELSENS KONTROLRAPPORTER<\/span><\/a><\/li><\/ul>\t\t\t\t\t\t\t\t<\/div>\n\t\t\t\t<\/div>\n\t\t\t\t<\/div>\n\t\t\t\t<\/div>\n\t\t\t\t<\/article>\n\t\t\t\t<\/article>\n\t\t\t\t<\/div>\n\t\t","protected":false},"excerpt":{"rendered":"<p>Dragsb\u00e6k Randers If flexibility had an address, this would be it. We produce everything from spreadable and margarine blocks to functional fats and vegetable oils for retail, foodservice, and industry.\u00a0 About Dragsb\u00e6k Randers Dragsb\u00e6k Randers is all about flexibility. Known for rapid adaptation to meet market demands, Dragsb\u00e6k Randers produces everything from spreadable margarine and [&hellip;]<\/p>\n","protected":false},"author":1,"featured_media":0,"parent":0,"menu_order":0,"comment_status":"closed","ping_status":"closed","template":"","meta":{"_acf_changed":false,"inline_featured_image":false,"footnotes":""},"class_list":["post-1671","page","type-page","status-publish","hentry"],"acf":[],"_links":{"self":[{"href":"https:\/\/vigilant-ptolemy.89-188-72-178.plesk.page\/en\/wp-json\/wp\/v2\/pages\/1671","targetHints":{"allow":["GET"]}}],"collection":[{"href":"https:\/\/vigilant-ptolemy.89-188-72-178.plesk.page\/en\/wp-json\/wp\/v2\/pages"}],"about":[{"href":"https:\/\/vigilant-ptolemy.89-188-72-178.plesk.page\/en\/wp-json\/wp\/v2\/types\/page"}],"author":[{"embeddable":true,"href":"https:\/\/vigilant-ptolemy.89-188-72-178.plesk.page\/en\/wp-json\/wp\/v2\/users\/1"}],"replies":[{"embeddable":true,"href":"https:\/\/vigilant-ptolemy.89-188-72-178.plesk.page\/en\/wp-json\/wp\/v2\/comments?post=1671"}],"version-history":[{"count":12,"href":"https:\/\/vigilant-ptolemy.89-188-72-178.plesk.page\/en\/wp-json\/wp\/v2\/pages\/1671\/revisions"}],"predecessor-version":[{"id":2612,"href":"https:\/\/vigilant-ptolemy.89-188-72-178.plesk.page\/en\/wp-json\/wp\/v2\/pages\/1671\/revisions\/2612"}],"wp:attachment":[{"href":"https:\/\/vigilant-ptolemy.89-188-72-178.plesk.page\/en\/wp-json\/wp\/v2\/media?parent=1671"}],"curies":[{"name":"wp","href":"https:\/\/api.w.org\/{rel}","templated":true}]}}