{"id":1817,"date":"2026-03-11T14:26:49","date_gmt":"2026-03-11T14:26:49","guid":{"rendered":"https:\/\/vigilant-ptolemy.89-188-72-178.plesk.page\/?page_id=1817"},"modified":"2026-04-24T09:50:06","modified_gmt":"2026-04-24T09:50:06","slug":"pradzia","status":"publish","type":"page","link":"https:\/\/vigilant-ptolemy.89-188-72-178.plesk.page\/lt\/","title":{"rendered":"Pradzia"},"content":{"rendered":"\t\t<div data-elementor-type=\"wp-page\" data-elementor-id=\"1817\" class=\"elementor elementor-1817 elementor-17\" data-elementor-post-type=\"page\">\n\t\t\t\t<header class=\"elementor-element elementor-element-3c05395 e-con-full bg-fade-green e-flex e-con e-parent\" data-id=\"3c05395\" data-element_type=\"container\" data-e-type=\"container\" data-settings=\"{&quot;background_background&quot;:&quot;classic&quot;}\">\n\t\t\t\t<div class=\"elementor-element elementor-element-be33411 elementor-widget elementor-widget-heading\" data-id=\"be33411\" data-element_type=\"widget\" data-e-type=\"widget\" data-widget_type=\"heading.default\">\n\t\t\t\t\t<h1 class=\"elementor-heading-title elementor-size-default\">Dragsb\u00e6k Vilnius<\/h1>\t\t\t\t<\/div>\n\t\t\t\t<div class=\"elementor-element elementor-element-98c7b3d elementor-widget__width-initial elementor-widget elementor-widget-text-editor\" data-id=\"98c7b3d\" data-element_type=\"widget\" data-e-type=\"widget\" data-widget_type=\"text-editor.default\">\n\t\t\t\t\t\t\t\t\t<p>M\u016bs\u0173 gamykloje Vilnius mieste gaminame funkcinius riebalus ir aliejus, pasi\u017eymin\u010dius efektyvia ir lanks\u010dia gamybos strukt\u016bra. I\u0161 \u010dia tiekiame produkcij\u0105 pramonei, maitinimo sektoriui ir ma\u017emeninei prekybai visame Baltijos regione ir u\u017e jo rib\u0173. Vertinami d\u0117l skonio ir pastovios kokyb\u0117s, si\u016blome sprendimus \u012fvairiausi\u0173 form\u0173 ir dyd\u017ei\u0173.<\/p>\t\t\t\t\t\t\t\t<\/div>\n\t\t\t\t<\/header>\n\t\t<main class=\"elementor-element elementor-element-e24f553 e-con-full e-flex e-con e-parent\" data-id=\"e24f553\" data-element_type=\"container\" data-e-type=\"container\" data-settings=\"{&quot;background_background&quot;:&quot;classic&quot;}\">\n\t\t<article class=\"elementor-element elementor-element-cfa6140 e-con-full e-flex e-con e-child\" data-id=\"cfa6140\" data-element_type=\"container\" data-e-type=\"container\">\n\t\t\t\t<div class=\"elementor-element elementor-element-f712a5e elementor-widget elementor-widget-heading\" data-id=\"f712a5e\" data-element_type=\"widget\" data-e-type=\"widget\" data-widget_type=\"heading.default\">\n\t\t\t\t\t<h2 class=\"elementor-heading-title elementor-size-default\">Pavadinimo keitimas<\/h2>\t\t\t\t<\/div>\n\t\t\t\t<div class=\"elementor-element elementor-element-c813593 elementor-widget elementor-widget-text-editor\" data-id=\"c813593\" data-element_type=\"widget\" data-e-type=\"widget\" data-widget_type=\"text-editor.default\">\n\t\t\t\t\t\t\t\t\t<p>Anks\u010diau veik\u0117me UAB \u201eVMG Food\u201c pavadinimu \u2013 dabar UAB \u201eDragsbaek Lietuva\u201c t\u0119sia veikl\u0105 \u012fprasta tvarka, tapusi glaudesne \u201eDragsbaek\u201c grup\u0117s dalimi. Ankstesn\u0117s nuorodos, kontaktin\u0117 informacija ir el. pa\u0161to adresai bus aktyv\u016bs dar vienerius metus \u2013 iki 2026 m. pabaigos.<\/p>\t\t\t\t\t\t\t\t<\/div>\n\t\t\t\t<\/article>\n\t\t<div class=\"elementor-element elementor-element-8a0d68a e-con-full elementor-hidden-mobile e-flex e-con e-child\" data-id=\"8a0d68a\" data-element_type=\"container\" data-e-type=\"container\" data-settings=\"{&quot;background_background&quot;:&quot;classic&quot;}\">\n\t\t\t\t<\/div>\n\t\t\t\t<\/main>\n\t\t<section class=\"elementor-element elementor-element-20eb523 e-con-full e-flex e-con e-parent\" data-id=\"20eb523\" data-element_type=\"container\" data-e-type=\"container\" data-settings=\"{&quot;background_background&quot;:&quot;classic&quot;}\">\n\t\t<div class=\"elementor-element elementor-element-1dec9bf e-con-full e-flex e-con e-child\" data-id=\"1dec9bf\" data-element_type=\"container\" data-e-type=\"container\" data-settings=\"{&quot;background_background&quot;:&quot;classic&quot;}\">\n\t\t\t\t<\/div>\n\t\t<article class=\"elementor-element elementor-element-93b9a17 e-con-full e-flex e-con e-child\" data-id=\"93b9a17\" data-element_type=\"container\" data-e-type=\"container\">\n\t\t\t\t<div class=\"elementor-element elementor-element-894aca2 elementor-widget elementor-widget-heading\" data-id=\"894aca2\" data-element_type=\"widget\" data-e-type=\"widget\" data-widget_type=\"heading.default\">\n\t\t\t\t\t<h2 class=\"elementor-heading-title elementor-size-default\">Apie mus<\/h2>\t\t\t\t<\/div>\n\t\t\t\t<div class=\"elementor-element elementor-element-a6f08aa elementor-widget elementor-widget-text-editor\" data-id=\"a6f08aa\" data-element_type=\"widget\" data-e-type=\"widget\" data-widget_type=\"text-editor.default\">\n\t\t\t\t\t\t\t\t\t<p>Esame \u201eDragsbaek\u201c grup\u0117s ir koncerno \u201eOrkla Food Ingredients\u201c dalis. U\u017eimame tvirt\u0105 pozicij\u0105 kaip vienas i\u0161 pirmaujan\u010di\u0173 riebal\u0173 ir aliej\u0173 tiek\u0117j\u0173 Baltijos regione ir u\u017e jo rib\u0173. Gaminame ir parduodame Lietuvos rinkos lyder\u012f preki\u0173 \u017eenkl\u0105 \u201eVilnius\u201c, o \u00a0\u201eAIMA\u201c, priva\u010dius prekinius \u017eenklus, produktus kepykloms ir pramonei eksportuojame \u012f Latvij\u0105, Estij\u0105, Danij\u0105, Vengrij\u0105, Kroatij\u0105, Lenkij\u0105, Nyderlandus, Vokietij\u0105 ir kitas \u0161alis.<\/p>\t\t\t\t\t\t\t\t<\/div>\n\t\t\t\t<\/article>\n\t\t\t\t<\/section>\n\t\t<section class=\"elementor-element elementor-element-0bf5e48 e-con-full e-flex e-con e-parent\" data-id=\"0bf5e48\" data-element_type=\"container\" data-e-type=\"container\">\n\t\t<article class=\"elementor-element elementor-element-3207f66 e-con-full e-flex e-con e-child\" data-id=\"3207f66\" data-element_type=\"container\" data-e-type=\"container\" data-settings=\"{&quot;background_background&quot;:&quot;classic&quot;}\">\n\t\t\t\t<div class=\"elementor-element elementor-element-890ec4c elementor-widget elementor-widget-heading\" data-id=\"890ec4c\" data-element_type=\"widget\" data-e-type=\"widget\" data-widget_type=\"heading.default\">\n\t\t\t\t\t<h2 class=\"elementor-heading-title elementor-size-default\">K\u0105 gaminame<\/h2>\t\t\t\t<\/div>\n\t\t\t\t<div class=\"elementor-element elementor-element-dee068d elementor-widget elementor-widget-text-editor\" data-id=\"dee068d\" data-element_type=\"widget\" data-e-type=\"widget\" data-widget_type=\"text-editor.default\">\n\t\t\t\t\t\t\t\t\t<p>Esame Lietuvos riebal\u0173 ir aliej\u0173 gamintojas \u2013 gaminame margarin\u0105, tepiuosius riebalus ir pramoninius riebalus nam\u0173 gamintojams ir profesionalams. Ma\u017emenai si\u016blome 250 g, 400 g, 500 g ir 1 kg pakuotes folijoje ir plastikiniuose, apvaliuose bei sta\u010diakampiuose indeliuose. Profesionalioms kepykloms ir maisto pramonei tiekiame 2,5 l, 4 l ir 10 l kanistrus, taip pat 10\u201320 kg d\u0117\u017ees. Stambiai gamybai tiekiame tarpinio t\u016brio konteinerius (IBC) sprendimus 910 kg arba 1000 l.<\/p>\t\t\t\t\t\t\t\t<\/div>\n\t\t\t\t<\/article>\n\t\t<div class=\"elementor-element elementor-element-bab31fb e-con-full e-flex e-con e-child\" data-id=\"bab31fb\" data-element_type=\"container\" data-e-type=\"container\" data-settings=\"{&quot;background_background&quot;:&quot;classic&quot;}\">\n\t\t\t\t<\/div>\n\t\t\t\t<\/section>\n\t\t<article class=\"elementor-element elementor-element-294dae0 e-con-full e-flex e-con e-parent\" data-id=\"294dae0\" data-element_type=\"container\" data-e-type=\"container\" data-settings=\"{&quot;background_background&quot;:&quot;classic&quot;}\">\n\t\t<article class=\"elementor-element elementor-element-ea62d05 e-con-full e-flex e-con e-child\" data-id=\"ea62d05\" data-element_type=\"container\" data-e-type=\"container\">\n\t\t\t\t<div class=\"elementor-element elementor-element-a60a51d elementor-widget elementor-widget-heading\" data-id=\"a60a51d\" data-element_type=\"widget\" data-e-type=\"widget\" data-widget_type=\"heading.default\">\n\t\t\t\t\t<h2 class=\"elementor-heading-title elementor-size-default\">What we do<\/h2>\t\t\t\t<\/div>\n\t\t<div class=\"elementor-element elementor-element-8d716d2 e-grid e-con-full e-con e-child\" data-id=\"8d716d2\" data-element_type=\"container\" data-e-type=\"container\">\n\t\t<div class=\"elementor-element elementor-element-54657cd e-con-full e-flex e-con e-child\" data-id=\"54657cd\" data-element_type=\"container\" data-e-type=\"container\">\n\t\t\t\t<div class=\"elementor-element elementor-element-3d2eb6e elementor-widget elementor-widget-heading\" data-id=\"3d2eb6e\" data-element_type=\"widget\" data-e-type=\"widget\" data-widget_type=\"heading.default\">\n\t\t\t\t\t<h3 class=\"elementor-heading-title elementor-size-default\">Products<\/h3>\t\t\t\t<\/div>\n\t\t\t\t<div class=\"elementor-element elementor-element-3c320a4 elementor-widget elementor-widget-text-editor\" data-id=\"3c320a4\" data-element_type=\"widget\" data-e-type=\"widget\" data-widget_type=\"text-editor.default\">\n\t\t\t\t\t\t\t\t\t<p>High quality margarines and fat spreadable for retail, foodservice and industry<\/p>\t\t\t\t\t\t\t\t<\/div>\n\t\t\t\t<\/div>\n\t\t<div class=\"elementor-element elementor-element-659b843 e-con-full e-flex e-con e-child\" data-id=\"659b843\" data-element_type=\"container\" data-e-type=\"container\">\n\t\t\t\t<div class=\"elementor-element elementor-element-4fbce21 elementor-widget elementor-widget-heading\" data-id=\"4fbce21\" data-element_type=\"widget\" data-e-type=\"widget\" data-widget_type=\"heading.default\">\n\t\t\t\t\t<h3 class=\"elementor-heading-title elementor-size-default\">Formats<\/h3>\t\t\t\t<\/div>\n\t\t\t\t<div class=\"elementor-element elementor-element-991def5 elementor-widget elementor-widget-text-editor\" data-id=\"991def5\" data-element_type=\"widget\" data-e-type=\"widget\" data-widget_type=\"text-editor.default\">\n\t\t\t\t\t\t\t\t\t<p>Ranging from 200g retail packs all the way up to 20 kg blocks and 1000KG IBC tank solutions<\/p>\t\t\t\t\t\t\t\t<\/div>\n\t\t\t\t<\/div>\n\t\t<div class=\"elementor-element elementor-element-1368af8 e-con-full e-flex e-con e-child\" data-id=\"1368af8\" data-element_type=\"container\" data-e-type=\"container\">\n\t\t\t\t<div class=\"elementor-element elementor-element-500ce1c elementor-widget elementor-widget-heading\" data-id=\"500ce1c\" data-element_type=\"widget\" data-e-type=\"widget\" data-widget_type=\"heading.default\">\n\t\t\t\t\t<h3 class=\"elementor-heading-title elementor-size-default\">Trusted brands<\/h3>\t\t\t\t<\/div>\n\t\t\t\t<div class=\"elementor-element elementor-element-8c3dd6a elementor-widget elementor-widget-text-editor\" data-id=\"8c3dd6a\" data-element_type=\"widget\" data-e-type=\"widget\" data-widget_type=\"text-editor.default\">\n\t\t\t\t\t\t\t\t\t<p>Vilnius, AIMA, Super and NATURLI&#8217;<\/p>\t\t\t\t\t\t\t\t<\/div>\n\t\t\t\t<\/div>\n\t\t<div class=\"elementor-element elementor-element-025b017 e-con-full e-flex e-con e-child\" data-id=\"025b017\" data-element_type=\"container\" data-e-type=\"container\">\n\t\t\t\t<div class=\"elementor-element elementor-element-f9612ac elementor-widget elementor-widget-heading\" data-id=\"f9612ac\" data-element_type=\"widget\" data-e-type=\"widget\" data-widget_type=\"heading.default\">\n\t\t\t\t\t<h3 class=\"elementor-heading-title elementor-size-default\">Certifications<\/h3>\t\t\t\t<\/div>\n\t\t\t\t<div class=\"elementor-element elementor-element-cb5d6c4 elementor-widget elementor-widget-text-editor\" data-id=\"cb5d6c4\" data-element_type=\"widget\" data-e-type=\"widget\" data-widget_type=\"text-editor.default\">\n\t\t\t\t\t\t\t\t\t<p>BRCGS, RSPO, Organic, SEDEX<\/p>\t\t\t\t\t\t\t\t<\/div>\n\t\t\t\t<\/div>\n\t\t\t\t<\/div>\n\t\t\t\t<\/article>\n\t\t\t\t<\/article>\n\t\t<section class=\"elementor-element elementor-element-cea9c8f e-con-full e-flex e-con e-parent\" data-id=\"cea9c8f\" data-element_type=\"container\" data-e-type=\"container\">\n\t\t<article class=\"elementor-element elementor-element-5c8d27a e-con-full e-flex e-con e-child\" data-id=\"5c8d27a\" data-element_type=\"container\" data-e-type=\"container\" data-settings=\"{&quot;background_background&quot;:&quot;classic&quot;}\">\n\t\t\t\t<div class=\"elementor-element elementor-element-cc00d28 elementor-widget elementor-widget-heading\" data-id=\"cc00d28\" data-element_type=\"widget\" data-e-type=\"widget\" data-widget_type=\"heading.default\">\n\t\t\t\t\t<h2 class=\"elementor-heading-title elementor-size-default\">M\u016bs\u0173 preki\u0173 \u017eenklai<\/h2>\t\t\t\t<\/div>\n\t\t\t\t<div class=\"elementor-element elementor-element-e2240b2 elementor-widget elementor-widget-text-editor\" data-id=\"e2240b2\" data-element_type=\"widget\" data-e-type=\"widget\" data-widget_type=\"text-editor.default\">\n\t\t\t\t\t\t\t\t\t<p>M\u016bs\u0173 gamykla yra vien\u0173 patikimiausi\u0173 margarino preki\u0173 \u017eenkl\u0173 Baltijos regione namai. <a href=\"https:\/\/paprastairlengva.lt\"><strong>Vilnius<\/strong><\/a> \u2013 m\u016bs\u0173 v\u0117liavne\u0161ys ir rinkos lyderis, atspindintis geriausias margarino tradicijas Lietuvoje. Ilgamet\u0117 patirtis, i\u0161tobulintas lietuvi\u0161kas skonis suformavo kokyb\u0119 ir pasitik\u0117jim\u0105 turint\u012f vard\u0105. \u201e<strong>Aima<\/strong>\u201c \u2013 \u0161iuolaiki\u0161kas prekinis vardas, u\u017etikrinantis ger\u0105 kokyb\u0117s ir kainos santyk\u012f kasdieniam vartojimui. \u201e<strong>SUPER<\/strong>\u201c \u2013 tai patikimi konditeriniai margarinai kep\u0117jams ir maisto pramon\u0117s profesionalams. Taip pat esame did\u017eiuojam\u0117s gal\u0117dami platinti Dragsb\u00e6k augalin\u012f preki\u0173 \u017eenkl\u0105 <strong>NATURLI\u2019.<\/strong><\/p>\t\t\t\t\t\t\t\t<\/div>\n\t\t\t\t<\/article>\n\t\t<div class=\"elementor-element elementor-element-bb53c54 e-con-full e-flex e-con e-child\" data-id=\"bb53c54\" data-element_type=\"container\" data-e-type=\"container\" data-settings=\"{&quot;background_background&quot;:&quot;classic&quot;}\">\n\t\t\t\t<\/div>\n\t\t\t\t<\/section>\n\t\t<section class=\"elementor-element elementor-element-061e25e e-con-full e-flex e-con e-parent\" data-id=\"061e25e\" data-element_type=\"container\" data-e-type=\"container\" data-settings=\"{&quot;background_background&quot;:&quot;classic&quot;}\">\n\t\t<div class=\"elementor-element elementor-element-d1a290b e-con-full e-flex e-con e-child\" data-id=\"d1a290b\" data-element_type=\"container\" data-e-type=\"container\" data-settings=\"{&quot;background_background&quot;:&quot;classic&quot;}\">\n\t\t\t\t<\/div>\n\t\t<article class=\"elementor-element elementor-element-e840ba3 e-con-full e-flex e-con e-child\" data-id=\"e840ba3\" data-element_type=\"container\" data-e-type=\"container\">\n\t\t\t\t<div class=\"elementor-element elementor-element-e4deb5a elementor-widget elementor-widget-heading\" data-id=\"e4deb5a\" data-element_type=\"widget\" data-e-type=\"widget\" data-widget_type=\"heading.default\">\n\t\t\t\t\t<h2 class=\"elementor-heading-title elementor-size-default\">Privat\u016bs preki\u0173 \u017eenklai<\/h2>\t\t\t\t<\/div>\n\t\t\t\t<div class=\"elementor-element elementor-element-1bf87e3 elementor-widget elementor-widget-text-editor\" data-id=\"1bf87e3\" data-element_type=\"widget\" data-e-type=\"widget\" data-widget_type=\"text-editor.default\">\n\t\t\t\t\t\t\t\t\t<p>Suteikite savo prek\u0117s \u017eenklui gyvyb\u0119 su m\u016bs\u0173 lanks\u010diais sprendimais j\u016bs\u0173 \u017eenklui. Gaminame auk\u0161tos kokyb\u0117s margarin\u0105, tepiuosius riebalus, kepinius margarino produktus ir specialiuosius riebalus \u2013 pilnai pritaikytus j\u016bs\u0173 koncepcijai ir rinkai. Si\u016blome \u012fvairias pakavimo galimybes ma\u017emeninei rinkai, tepamus produktus \u012fvairaus dyd\u017eio indeliuose, laminuot\u0105 popieri\u0173, sprendimus skystiems ir kietiems pramoniniams gaminiams. Kiekvienas projektas pritaikomas j\u016bs\u0173 prek\u0117s \u017eenklo \u012fvaizd\u017eiui ir klient\u0173 l\u016bkes\u010diams.<\/p>\t\t\t\t\t\t\t\t<\/div>\n\t\t\t\t<\/article>\n\t\t\t\t<\/section>\n\t\t<section class=\"elementor-element elementor-element-a577e85 e-con-full e-flex e-con e-parent\" data-id=\"a577e85\" data-element_type=\"container\" data-e-type=\"container\" data-settings=\"{&quot;background_background&quot;:&quot;classic&quot;}\">\n\t\t<article class=\"elementor-element elementor-element-b87a085 e-con-full e-flex e-con e-child\" data-id=\"b87a085\" data-element_type=\"container\" data-e-type=\"container\">\n\t\t\t\t<div class=\"elementor-element elementor-element-7c44244 elementor-widget elementor-widget-heading\" data-id=\"7c44244\" data-element_type=\"widget\" data-e-type=\"widget\" data-widget_type=\"heading.default\">\n\t\t\t\t\t<h2 class=\"elementor-heading-title elementor-size-default\">Priklausome Dragsb\u00e6k grupei<\/h2>\t\t\t\t<\/div>\n\t\t\t\t<div class=\"elementor-element elementor-element-45577cf elementor-widget elementor-widget-text-editor\" data-id=\"45577cf\" data-element_type=\"widget\" data-e-type=\"widget\" data-widget_type=\"text-editor.default\">\n\t\t\t\t\t\t\t\t\t<p><strong>Dragsb\u00e6k Vilnius er \u00e9t af seks produktionssites i Dragsb\u00e6k\u2011familien.<\/strong><br \/><strong>Sammen producerer vi alt fra wienerbr\u00f8dsmargariner og plantebaserede drikke til is og desserter. L\u00e6s mere her:<\/strong><\/p>\t\t\t\t\t\t\t\t<\/div>\n\t\t\t\t<\/article>\n\t\t<div class=\"elementor-element elementor-element-a00c1fd e-con-full elementor-hidden-mobile e-flex e-con e-child\" data-id=\"a00c1fd\" data-element_type=\"container\" data-e-type=\"container\" data-settings=\"{&quot;background_background&quot;:&quot;classic&quot;}\">\n\t\t\t\t<\/div>\n\t\t\t\t<\/section>\n\t\t<section class=\"elementor-element elementor-element-c499c58 e-con-full e-flex e-con e-parent\" data-id=\"c499c58\" data-element_type=\"container\" data-e-type=\"container\" data-settings=\"{&quot;background_background&quot;:&quot;classic&quot;}\">\n\t\t<div class=\"elementor-element elementor-element-cc63aee e-con-full e-flex e-con e-child\" data-id=\"cc63aee\" data-element_type=\"container\" data-e-type=\"container\" data-settings=\"{&quot;background_background&quot;:&quot;classic&quot;}\">\n\t\t\t\t<\/div>\n\t\t<article class=\"elementor-element elementor-element-969ddf1 e-con-full e-flex e-con e-child\" data-id=\"969ddf1\" data-element_type=\"container\" data-e-type=\"container\">\n\t\t\t\t<div class=\"elementor-element elementor-element-cc574c0 elementor-widget elementor-widget-heading\" data-id=\"cc574c0\" data-element_type=\"widget\" data-e-type=\"widget\" data-widget_type=\"heading.default\">\n\t\t\t\t\t<h2 class=\"elementor-heading-title elementor-size-default\">Atsakomyb\u0117<\/h2>\t\t\t\t<\/div>\n\t\t\t\t<div class=\"elementor-element elementor-element-edbab38 elementor-widget elementor-widget-text-editor\" data-id=\"edbab38\" data-element_type=\"widget\" data-e-type=\"widget\" data-widget_type=\"text-editor.default\">\n\t\t\t\t\t\t\t\t\t<p>Vykdydami RVASVT reikalavimus ir dirbdami pagal OFSS ir BRCGS standartus, u\u017etikriname maisto saug\u0105 nuo \u017ealiav\u0173 \u012fsigijimo iki galutinio produkto pristatymo. Naudojame patikrintus aliejus be transriebal\u0173 ir praturtiname savo produktus svarbiais vitaminais. Tvarumas ir atsakomyb\u0117 yra m\u016bs\u0173 veiklos pagrindas ir atitinka Dragsb\u00e6k bei Orkla \u012fsipareigojimus.<\/p>\t\t\t\t\t\t\t\t<\/div>\n\t\t\t\t<\/article>\n\t\t\t\t<\/section>\n\t\t<article class=\"elementor-element elementor-element-293d227 e-con-full e-flex e-con e-parent\" data-id=\"293d227\" data-element_type=\"container\" data-e-type=\"container\" data-settings=\"{&quot;background_background&quot;:&quot;classic&quot;}\">\n\t\t<article class=\"elementor-element elementor-element-b54b7c4 e-con-full e-flex e-con e-child\" data-id=\"b54b7c4\" data-element_type=\"container\" data-e-type=\"container\">\n\t\t<div class=\"elementor-element elementor-element-b6d1085 e-grid e-con-full e-con e-child\" data-id=\"b6d1085\" data-element_type=\"container\" data-e-type=\"container\">\n\t\t<div class=\"elementor-element elementor-element-3052f24 e-con-full e-flex e-con e-child\" data-id=\"3052f24\" data-element_type=\"container\" data-e-type=\"container\">\n\t\t\t\t<div class=\"elementor-element elementor-element-c1fc376 elementor-widget elementor-widget-heading\" data-id=\"c1fc376\" data-element_type=\"widget\" data-e-type=\"widget\" data-widget_type=\"heading.default\">\n\t\t\t\t\t<h3 class=\"elementor-heading-title elementor-size-default\">Legal entity<\/h3>\t\t\t\t<\/div>\n\t\t\t\t<div class=\"elementor-element elementor-element-7e81092 elementor-widget elementor-widget-text-editor\" data-id=\"7e81092\" data-element_type=\"widget\" data-e-type=\"widget\" data-widget_type=\"text-editor.default\">\n\t\t\t\t\t\t\t\t\t<p>Dragsbaek Lietuva<\/p>\t\t\t\t\t\t\t\t<\/div>\n\t\t\t\t<\/div>\n\t\t<div class=\"elementor-element elementor-element-8bd3d45 e-con-full e-flex e-con e-child\" data-id=\"8bd3d45\" data-element_type=\"container\" data-e-type=\"container\">\n\t\t\t\t<div class=\"elementor-element elementor-element-05cca5c elementor-widget elementor-widget-heading\" data-id=\"05cca5c\" data-element_type=\"widget\" data-e-type=\"widget\" data-widget_type=\"heading.default\">\n\t\t\t\t\t<h3 class=\"elementor-heading-title elementor-size-default\">PVM  kodas<\/h3>\t\t\t\t<\/div>\n\t\t\t\t<div class=\"elementor-element elementor-element-772bba0 elementor-widget elementor-widget-text-editor\" data-id=\"772bba0\" data-element_type=\"widget\" data-e-type=\"widget\" data-widget_type=\"text-editor.default\">\n\t\t\t\t\t\t\t\t\t<p>LT108103811<\/p>\t\t\t\t\t\t\t\t<\/div>\n\t\t\t\t<\/div>\n\t\t<div class=\"elementor-element elementor-element-2c2da68 e-con-full e-flex e-con e-child\" data-id=\"2c2da68\" data-element_type=\"container\" data-e-type=\"container\">\n\t\t\t\t<div class=\"elementor-element elementor-element-672e796 elementor-widget elementor-widget-heading\" data-id=\"672e796\" data-element_type=\"widget\" data-e-type=\"widget\" data-widget_type=\"heading.default\">\n\t\t\t\t\t<h3 class=\"elementor-heading-title elementor-size-default\">Address<\/h3>\t\t\t\t<\/div>\n\t\t\t\t<div class=\"elementor-element elementor-element-d9ae22c elementor-widget elementor-widget-text-editor\" data-id=\"d9ae22c\" data-element_type=\"widget\" data-e-type=\"widget\" data-widget_type=\"text-editor.default\">\n\t\t\t\t\t\t\t\t\t<p>Zietelos str. 3,<br \/>LT-03160,<br \/>Vilnius, Lithuania<\/p>\t\t\t\t\t\t\t\t<\/div>\n\t\t\t\t<\/div>\n\t\t<div class=\"elementor-element elementor-element-92e1104 e-con-full e-flex e-con e-child\" data-id=\"92e1104\" data-element_type=\"container\" data-e-type=\"container\">\n\t\t\t\t<div class=\"elementor-element elementor-element-e1b3e16 elementor-widget elementor-widget-heading\" data-id=\"e1b3e16\" data-element_type=\"widget\" data-e-type=\"widget\" data-widget_type=\"heading.default\">\n\t\t\t\t\t<h3 class=\"elementor-heading-title elementor-size-default\">\u012emon\u0117s kodas.<\/h3>\t\t\t\t<\/div>\n\t\t\t\t<div class=\"elementor-element elementor-element-802d141 elementor-widget elementor-widget-text-editor\" data-id=\"802d141\" data-element_type=\"widget\" data-e-type=\"widget\" data-widget_type=\"text-editor.default\">\n\t\t\t\t\t\t\t\t\t<p>110810384<\/p>\t\t\t\t\t\t\t\t<\/div>\n\t\t\t\t<\/div>\n\t\t<div class=\"elementor-element elementor-element-07f68b2 e-con-full e-flex e-con e-child\" data-id=\"07f68b2\" data-element_type=\"container\" data-e-type=\"container\">\n\t\t\t\t<div class=\"elementor-element elementor-element-a039dda elementor-widget elementor-widget-heading\" data-id=\"a039dda\" data-element_type=\"widget\" data-e-type=\"widget\" data-widget_type=\"heading.default\">\n\t\t\t\t\t<h3 class=\"elementor-heading-title elementor-size-default\">Tel.<\/h3>\t\t\t\t<\/div>\n\t\t\t\t<div class=\"elementor-element elementor-element-d006d70 elementor-widget elementor-widget-text-editor\" data-id=\"d006d70\" data-element_type=\"widget\" data-e-type=\"widget\" data-widget_type=\"text-editor.default\">\n\t\t\t\t\t\t\t\t\t<p>+370 5 233 3161<\/p>\t\t\t\t\t\t\t\t<\/div>\n\t\t\t\t<\/div>\n\t\t<div class=\"elementor-element elementor-element-573071b e-con-full e-flex e-con e-child\" data-id=\"573071b\" data-element_type=\"container\" data-e-type=\"container\">\n\t\t\t\t<div class=\"elementor-element elementor-element-ba33cfe elementor-widget elementor-widget-heading\" data-id=\"ba33cfe\" data-element_type=\"widget\" data-e-type=\"widget\" data-widget_type=\"heading.default\">\n\t\t\t\t\t<h3 class=\"elementor-heading-title elementor-size-default\">El.p:<\/h3>\t\t\t\t<\/div>\n\t\t\t\t<div class=\"elementor-element elementor-element-9688fd7 elementor-widget elementor-widget-text-editor\" data-id=\"9688fd7\" data-element_type=\"widget\" data-e-type=\"widget\" data-widget_type=\"text-editor.default\">\n\t\t\t\t\t\t\t\t\t<p>vmg@vmg.lt<br \/>info@dragsbaek.lt<\/p>\t\t\t\t\t\t\t\t<\/div>\n\t\t\t\t<\/div>\n\t\t\t\t<\/div>\n\t\t\t\t<\/article>\n\t\t\t\t<\/article>\n\t\t\t\t<\/div>\n\t\t","protected":false},"excerpt":{"rendered":"<p>Dragsb\u00e6k Vilnius M\u016bs\u0173 gamykloje Vilnius mieste gaminame funkcinius riebalus ir aliejus, pasi\u017eymin\u010dius efektyvia ir lanks\u010dia gamybos strukt\u016bra. I\u0161 \u010dia tiekiame produkcij\u0105 pramonei, maitinimo sektoriui ir ma\u017emeninei prekybai visame Baltijos regione ir u\u017e jo rib\u0173. Vertinami d\u0117l skonio ir pastovios kokyb\u0117s, si\u016blome sprendimus \u012fvairiausi\u0173 form\u0173 ir dyd\u017ei\u0173. Pavadinimo keitimas Anks\u010diau veik\u0117me UAB \u201eVMG Food\u201c pavadinimu \u2013 [&hellip;]<\/p>\n","protected":false},"author":1,"featured_media":0,"parent":0,"menu_order":0,"comment_status":"closed","ping_status":"closed","template":"","meta":{"_acf_changed":false,"inline_featured_image":false,"footnotes":""},"class_list":["post-1817","page","type-page","status-publish","hentry"],"acf":[],"_links":{"self":[{"href":"https:\/\/vigilant-ptolemy.89-188-72-178.plesk.page\/lt\/wp-json\/wp\/v2\/pages\/1817","targetHints":{"allow":["GET"]}}],"collection":[{"href":"https:\/\/vigilant-ptolemy.89-188-72-178.plesk.page\/lt\/wp-json\/wp\/v2\/pages"}],"about":[{"href":"https:\/\/vigilant-ptolemy.89-188-72-178.plesk.page\/lt\/wp-json\/wp\/v2\/types\/page"}],"author":[{"embeddable":true,"href":"https:\/\/vigilant-ptolemy.89-188-72-178.plesk.page\/lt\/wp-json\/wp\/v2\/users\/1"}],"replies":[{"embeddable":true,"href":"https:\/\/vigilant-ptolemy.89-188-72-178.plesk.page\/lt\/wp-json\/wp\/v2\/comments?post=1817"}],"version-history":[{"count":9,"href":"https:\/\/vigilant-ptolemy.89-188-72-178.plesk.page\/lt\/wp-json\/wp\/v2\/pages\/1817\/revisions"}],"predecessor-version":[{"id":2320,"href":"https:\/\/vigilant-ptolemy.89-188-72-178.plesk.page\/lt\/wp-json\/wp\/v2\/pages\/1817\/revisions\/2320"}],"wp:attachment":[{"href":"https:\/\/vigilant-ptolemy.89-188-72-178.plesk.page\/lt\/wp-json\/wp\/v2\/media?parent=1817"}],"curies":[{"name":"wp","href":"https:\/\/api.w.org\/{rel}","templated":true}]}}